{"id":122,"date":"2025-03-07T11:27:31","date_gmt":"2025-03-07T10:27:31","guid":{"rendered":"https:\/\/surfink.shapersclub.com\/?page_id=122"},"modified":"2025-03-20T16:18:57","modified_gmt":"2025-03-20T15:18:57","slug":"victoria-ekhidna","status":"publish","type":"page","link":"https:\/\/surfink.shapersclub.com\/en\/tattoo\/victoria-ekhidna\/","title":{"rendered":"VICTORIA EKHIDNA"},"content":{"rendered":"","protected":false},"excerpt":{"rendered":"","protected":false},"author":1,"featured_media":0,"parent":31,"menu_order":1,"comment_status":"closed","ping_status":"closed","template":"","meta":{"_seopress_robots_primary_cat":"","_seopress_titles_title":"\ud83d\udd25 Victoria Ekhidna @ Surf'Ink 2025 \u2013 Tatouages photo-r\u00e9alistes au Shapers Club House, Marennes !","_seopress_titles_desc":"Viens d\u00e9couvrir Victoria Ekhidna au Surf'Ink les 12 & 13 avril 2025 au Shapers Club House de Marennes ! Sp\u00e9cialiste du tatouage ultra r\u00e9aliste et d\u00e9taill\u00e9. Places limit\u00e9es \u2013 r\u00e9serve d\u00e8s maintenant via Instagram (@ekhidna_victoria).","_seopress_robots_index":"","footnotes":""},"class_list":["post-122","page","type-page","status-publish","hentry"],"_links":{"self":[{"href":"https:\/\/surfink.shapersclub.com\/en\/wp-json\/wp\/v2\/pages\/122","targetHints":{"allow":["GET"]}}],"collection":[{"href":"https:\/\/surfink.shapersclub.com\/en\/wp-json\/wp\/v2\/pages"}],"about":[{"href":"https:\/\/surfink.shapersclub.com\/en\/wp-json\/wp\/v2\/types\/page"}],"author":[{"embeddable":true,"href":"https:\/\/surfink.shapersclub.com\/en\/wp-json\/wp\/v2\/users\/1"}],"replies":[{"embeddable":true,"href":"https:\/\/surfink.shapersclub.com\/en\/wp-json\/wp\/v2\/comments?post=122"}],"version-history":[{"count":2,"href":"https:\/\/surfink.shapersclub.com\/en\/wp-json\/wp\/v2\/pages\/122\/revisions"}],"predecessor-version":[{"id":517,"href":"https:\/\/surfink.shapersclub.com\/en\/wp-json\/wp\/v2\/pages\/122\/revisions\/517"}],"up":[{"embeddable":true,"href":"https:\/\/surfink.shapersclub.com\/en\/wp-json\/wp\/v2\/pages\/31"}],"wp:attachment":[{"href":"https:\/\/surfink.shapersclub.com\/en\/wp-json\/wp\/v2\/media?parent=122"}],"curies":[{"name":"wp","href":"https:\/\/api.w.org\/{rel}","templated":true}]}}