{"id":123,"date":"2025-03-07T11:27:45","date_gmt":"2025-03-07T10:27:45","guid":{"rendered":"https:\/\/surfink.shapersclub.com\/?page_id=123"},"modified":"2025-03-20T16:24:34","modified_gmt":"2025-03-20T15:24:34","slug":"vince","status":"publish","type":"page","link":"https:\/\/surfink.shapersclub.com\/en\/tattoo\/vince\/","title":{"rendered":"VINCE"},"content":{"rendered":"","protected":false},"excerpt":{"rendered":"","protected":false},"author":1,"featured_media":0,"parent":31,"menu_order":1,"comment_status":"closed","ping_status":"closed","template":"","meta":{"_seopress_robots_primary_cat":"","_seopress_titles_title":"\ud83d\udd25 Saiyan Tattoo Vince @ Surf'Ink 2025 \u2013 Tatouages manga & pop culture au Shapers Club House, Marennes !","_seopress_titles_desc":"Viens d\u00e9couvrir Saiyan Tattoo Vince au Surf'Ink les 12 & 13 avril 2025 au Shapers Club House de Marennes ! Sp\u00e9cialiste du tatouage manga, geek et pop culture. Places limit\u00e9es \u2013 r\u00e9serve d\u00e8s maintenant via Instagram (@saiyan_tattoo_vince).","_seopress_robots_index":"","footnotes":""},"class_list":["post-123","page","type-page","status-publish","hentry"],"_links":{"self":[{"href":"https:\/\/surfink.shapersclub.com\/en\/wp-json\/wp\/v2\/pages\/123","targetHints":{"allow":["GET"]}}],"collection":[{"href":"https:\/\/surfink.shapersclub.com\/en\/wp-json\/wp\/v2\/pages"}],"about":[{"href":"https:\/\/surfink.shapersclub.com\/en\/wp-json\/wp\/v2\/types\/page"}],"author":[{"embeddable":true,"href":"https:\/\/surfink.shapersclub.com\/en\/wp-json\/wp\/v2\/users\/1"}],"replies":[{"embeddable":true,"href":"https:\/\/surfink.shapersclub.com\/en\/wp-json\/wp\/v2\/comments?post=123"}],"version-history":[{"count":2,"href":"https:\/\/surfink.shapersclub.com\/en\/wp-json\/wp\/v2\/pages\/123\/revisions"}],"predecessor-version":[{"id":526,"href":"https:\/\/surfink.shapersclub.com\/en\/wp-json\/wp\/v2\/pages\/123\/revisions\/526"}],"up":[{"embeddable":true,"href":"https:\/\/surfink.shapersclub.com\/en\/wp-json\/wp\/v2\/pages\/31"}],"wp:attachment":[{"href":"https:\/\/surfink.shapersclub.com\/en\/wp-json\/wp\/v2\/media?parent=123"}],"curies":[{"name":"wp","href":"https:\/\/api.w.org\/{rel}","templated":true}]}}