{"id":126,"date":"2025-03-07T11:29:01","date_gmt":"2025-03-07T10:29:01","guid":{"rendered":"https:\/\/surfink.shapersclub.com\/?page_id=126"},"modified":"2025-03-21T10:37:08","modified_gmt":"2025-03-21T09:37:08","slug":"as-drawing","status":"publish","type":"page","link":"https:\/\/surfink.shapersclub.com\/en\/exhibitors\/as-drawing\/","title":{"rendered":"AS DRAWING"},"content":{"rendered":"","protected":false},"excerpt":{"rendered":"","protected":false},"author":1,"featured_media":541,"parent":125,"menu_order":2,"comment_status":"closed","ping_status":"closed","template":"","meta":{"_seopress_robots_primary_cat":"","_seopress_titles_title":"AS DESSIN @ Surf'Ink 2025 \u2013 Illustrations street art & pochoirs au Shapers Club House, Marennes","_seopress_titles_desc":"D\u00e9couvrez AS DESSIN au Surf'Ink les 12 & 13 avril 2025 \u00e0 Marennes. \u0152uvres originales en pochoir sur t\u00f4le & vinyle, influences street-art & pop culture. Rendez-vous au stand !","_seopress_robots_index":"","footnotes":""},"class_list":["post-126","page","type-page","status-publish","has-post-thumbnail","hentry"],"_links":{"self":[{"href":"https:\/\/surfink.shapersclub.com\/en\/wp-json\/wp\/v2\/pages\/126","targetHints":{"allow":["GET"]}}],"collection":[{"href":"https:\/\/surfink.shapersclub.com\/en\/wp-json\/wp\/v2\/pages"}],"about":[{"href":"https:\/\/surfink.shapersclub.com\/en\/wp-json\/wp\/v2\/types\/page"}],"author":[{"embeddable":true,"href":"https:\/\/surfink.shapersclub.com\/en\/wp-json\/wp\/v2\/users\/1"}],"replies":[{"embeddable":true,"href":"https:\/\/surfink.shapersclub.com\/en\/wp-json\/wp\/v2\/comments?post=126"}],"version-history":[{"count":2,"href":"https:\/\/surfink.shapersclub.com\/en\/wp-json\/wp\/v2\/pages\/126\/revisions"}],"predecessor-version":[{"id":549,"href":"https:\/\/surfink.shapersclub.com\/en\/wp-json\/wp\/v2\/pages\/126\/revisions\/549"}],"up":[{"embeddable":true,"href":"https:\/\/surfink.shapersclub.com\/en\/wp-json\/wp\/v2\/pages\/125"}],"wp:featuredmedia":[{"embeddable":true,"href":"https:\/\/surfink.shapersclub.com\/en\/wp-json\/wp\/v2\/media\/541"}],"wp:attachment":[{"href":"https:\/\/surfink.shapersclub.com\/en\/wp-json\/wp\/v2\/media?parent=126"}],"curies":[{"name":"wp","href":"https:\/\/api.w.org\/{rel}","templated":true}]}}