{"id":127,"date":"2025-03-07T11:29:17","date_gmt":"2025-03-07T10:29:17","guid":{"rendered":"https:\/\/surfink.shapersclub.com\/?page_id=127"},"modified":"2025-03-21T10:49:15","modified_gmt":"2025-03-21T09:49:15","slug":"fork-n-roses","status":"publish","type":"page","link":"https:\/\/surfink.shapersclub.com\/en\/exhibitors\/fork-n-roses\/","title":{"rendered":"FORK N' ROSES"},"content":{"rendered":"","protected":false},"excerpt":{"rendered":"","protected":false},"author":1,"featured_media":0,"parent":125,"menu_order":2,"comment_status":"closed","ping_status":"closed","template":"","meta":{"_seopress_robots_primary_cat":"","_seopress_titles_title":"FORK N' ROSES @ Surf'Ink 2025 \u2013 Bijoux upcycl\u00e9s en couverts anciens au Shapers Club House, Marennes","_seopress_titles_desc":"FORK N' ROSES expose ses bijoux artisanaux \u00e0 partir de couverts recycl\u00e9s au Surf'Ink les 12 & 13 avril 2025. Pi\u00e8ces uniques faites main. \u00c0 d\u00e9couvrir au Shapers Club House !","_seopress_robots_index":"","footnotes":""},"class_list":["post-127","page","type-page","status-publish","hentry"],"_links":{"self":[{"href":"https:\/\/surfink.shapersclub.com\/en\/wp-json\/wp\/v2\/pages\/127","targetHints":{"allow":["GET"]}}],"collection":[{"href":"https:\/\/surfink.shapersclub.com\/en\/wp-json\/wp\/v2\/pages"}],"about":[{"href":"https:\/\/surfink.shapersclub.com\/en\/wp-json\/wp\/v2\/types\/page"}],"author":[{"embeddable":true,"href":"https:\/\/surfink.shapersclub.com\/en\/wp-json\/wp\/v2\/users\/1"}],"replies":[{"embeddable":true,"href":"https:\/\/surfink.shapersclub.com\/en\/wp-json\/wp\/v2\/comments?post=127"}],"version-history":[{"count":2,"href":"https:\/\/surfink.shapersclub.com\/en\/wp-json\/wp\/v2\/pages\/127\/revisions"}],"predecessor-version":[{"id":563,"href":"https:\/\/surfink.shapersclub.com\/en\/wp-json\/wp\/v2\/pages\/127\/revisions\/563"}],"up":[{"embeddable":true,"href":"https:\/\/surfink.shapersclub.com\/en\/wp-json\/wp\/v2\/pages\/125"}],"wp:attachment":[{"href":"https:\/\/surfink.shapersclub.com\/en\/wp-json\/wp\/v2\/media?parent=127"}],"curies":[{"name":"wp","href":"https:\/\/api.w.org\/{rel}","templated":true}]}}