{"id":152,"date":"2025-03-07T11:29:37","date_gmt":"2025-03-07T10:29:37","guid":{"rendered":"https:\/\/surfink.shapersclub.com\/?page_id=152"},"modified":"2025-03-21T11:39:35","modified_gmt":"2025-03-21T10:39:35","slug":"noes-pinstrips","status":"publish","type":"page","link":"https:\/\/surfink.shapersclub.com\/en\/exhibitors\/noes-pinstrips\/","title":{"rendered":"NO\u00c9'S PINSTRIPS"},"content":{"rendered":"","protected":false},"excerpt":{"rendered":"","protected":false},"author":1,"featured_media":600,"parent":125,"menu_order":2,"comment_status":"closed","ping_status":"closed","template":"","meta":{"_seopress_robots_primary_cat":"","_seopress_titles_title":"NO\u00c9\u2019S PINSTRIPS @ Surf'Ink 2025 \u2013 Pinstriping artisanal & custom culture au Shapers Club House, Marennes","_seopress_titles_desc":"NO\u00c9\u2019S PINSTRIPS sera au Surf'Ink les 12 & 13 avril 2025 \u00e0 Marennes. Sp\u00e9cialiste du pinstriping \u00e0 la main sur motos, casques et objets d\u00e9co. Lignes fines, style r\u00e9tro, objets uniques.","_seopress_robots_index":"","footnotes":""},"class_list":["post-152","page","type-page","status-publish","has-post-thumbnail","hentry"],"_links":{"self":[{"href":"https:\/\/surfink.shapersclub.com\/en\/wp-json\/wp\/v2\/pages\/152","targetHints":{"allow":["GET"]}}],"collection":[{"href":"https:\/\/surfink.shapersclub.com\/en\/wp-json\/wp\/v2\/pages"}],"about":[{"href":"https:\/\/surfink.shapersclub.com\/en\/wp-json\/wp\/v2\/types\/page"}],"author":[{"embeddable":true,"href":"https:\/\/surfink.shapersclub.com\/en\/wp-json\/wp\/v2\/users\/1"}],"replies":[{"embeddable":true,"href":"https:\/\/surfink.shapersclub.com\/en\/wp-json\/wp\/v2\/comments?post=152"}],"version-history":[{"count":2,"href":"https:\/\/surfink.shapersclub.com\/en\/wp-json\/wp\/v2\/pages\/152\/revisions"}],"predecessor-version":[{"id":605,"href":"https:\/\/surfink.shapersclub.com\/en\/wp-json\/wp\/v2\/pages\/152\/revisions\/605"}],"up":[{"embeddable":true,"href":"https:\/\/surfink.shapersclub.com\/en\/wp-json\/wp\/v2\/pages\/125"}],"wp:featuredmedia":[{"embeddable":true,"href":"https:\/\/surfink.shapersclub.com\/en\/wp-json\/wp\/v2\/media\/600"}],"wp:attachment":[{"href":"https:\/\/surfink.shapersclub.com\/en\/wp-json\/wp\/v2\/media?parent=152"}],"curies":[{"name":"wp","href":"https:\/\/api.w.org\/{rel}","templated":true}]}}