{"id":153,"date":"2025-03-07T11:29:47","date_gmt":"2025-03-07T10:29:47","guid":{"rendered":"https:\/\/surfink.shapersclub.com\/?page_id=153"},"modified":"2025-03-21T11:05:33","modified_gmt":"2025-03-21T10:05:33","slug":"luc-creat","status":"publish","type":"page","link":"https:\/\/surfink.shapersclub.com\/en\/exhibitors\/luc-creat\/","title":{"rendered":"LUC CR\u00c9AT"},"content":{"rendered":"","protected":false},"excerpt":{"rendered":"","protected":false},"author":1,"featured_media":0,"parent":125,"menu_order":2,"comment_status":"closed","ping_status":"closed","template":"","meta":{"_seopress_robots_primary_cat":"","_seopress_titles_title":"LUC CR\u00c9AT @ Surf'Ink 2025 \u2013 Sculptures m\u00e9tal recycl\u00e9 & upcycling cr\u00e9atif au Shapers Club House, Marennes","_seopress_titles_desc":"LUC CR\u00c9AT expose ses sculptures en m\u00e9tal recycl\u00e9 au Surf'Ink les 12 & 13 avril 2025 \u00e0 Marennes. Upcycling, imagination m\u00e9canique et objets uniques.","_seopress_robots_index":"","footnotes":""},"class_list":["post-153","page","type-page","status-publish","hentry"],"_links":{"self":[{"href":"https:\/\/surfink.shapersclub.com\/en\/wp-json\/wp\/v2\/pages\/153","targetHints":{"allow":["GET"]}}],"collection":[{"href":"https:\/\/surfink.shapersclub.com\/en\/wp-json\/wp\/v2\/pages"}],"about":[{"href":"https:\/\/surfink.shapersclub.com\/en\/wp-json\/wp\/v2\/types\/page"}],"author":[{"embeddable":true,"href":"https:\/\/surfink.shapersclub.com\/en\/wp-json\/wp\/v2\/users\/1"}],"replies":[{"embeddable":true,"href":"https:\/\/surfink.shapersclub.com\/en\/wp-json\/wp\/v2\/comments?post=153"}],"version-history":[{"count":2,"href":"https:\/\/surfink.shapersclub.com\/en\/wp-json\/wp\/v2\/pages\/153\/revisions"}],"predecessor-version":[{"id":583,"href":"https:\/\/surfink.shapersclub.com\/en\/wp-json\/wp\/v2\/pages\/153\/revisions\/583"}],"up":[{"embeddable":true,"href":"https:\/\/surfink.shapersclub.com\/en\/wp-json\/wp\/v2\/pages\/125"}],"wp:attachment":[{"href":"https:\/\/surfink.shapersclub.com\/en\/wp-json\/wp\/v2\/media?parent=153"}],"curies":[{"name":"wp","href":"https:\/\/api.w.org\/{rel}","templated":true}]}}