{"id":154,"date":"2025-03-07T11:30:02","date_gmt":"2025-03-07T10:30:02","guid":{"rendered":"https:\/\/surfink.shapersclub.com\/?page_id=154"},"modified":"2025-03-21T11:17:39","modified_gmt":"2025-03-21T10:17:39","slug":"dark-stories","status":"publish","type":"page","link":"https:\/\/surfink.shapersclub.com\/en\/exhibitors\/dark-stories\/","title":{"rendered":"DARK STORIES"},"content":{"rendered":"","protected":false},"excerpt":{"rendered":"","protected":false},"author":1,"featured_media":589,"parent":125,"menu_order":2,"comment_status":"closed","ping_status":"closed","template":"","meta":{"_seopress_robots_primary_cat":"","_seopress_titles_title":"SOMBRES HISTOIRES @ Surf'Ink 2025 \u2013 Gravures dark & d\u00e9co gothique au Shapers Club House, Marennes","_seopress_titles_desc":"SOMBRES HISTOIRES expose ses gravures dark, cr\u00e2nes et objets d\u00e9coratifs gothiques au Surf'Ink les 12 & 13 avril 2025 \u00e0 Marennes. Un univers sombre, raffin\u00e9 et pop.","_seopress_robots_index":"","footnotes":""},"class_list":["post-154","page","type-page","status-publish","has-post-thumbnail","hentry"],"_links":{"self":[{"href":"https:\/\/surfink.shapersclub.com\/en\/wp-json\/wp\/v2\/pages\/154","targetHints":{"allow":["GET"]}}],"collection":[{"href":"https:\/\/surfink.shapersclub.com\/en\/wp-json\/wp\/v2\/pages"}],"about":[{"href":"https:\/\/surfink.shapersclub.com\/en\/wp-json\/wp\/v2\/types\/page"}],"author":[{"embeddable":true,"href":"https:\/\/surfink.shapersclub.com\/en\/wp-json\/wp\/v2\/users\/1"}],"replies":[{"embeddable":true,"href":"https:\/\/surfink.shapersclub.com\/en\/wp-json\/wp\/v2\/comments?post=154"}],"version-history":[{"count":2,"href":"https:\/\/surfink.shapersclub.com\/en\/wp-json\/wp\/v2\/pages\/154\/revisions"}],"predecessor-version":[{"id":593,"href":"https:\/\/surfink.shapersclub.com\/en\/wp-json\/wp\/v2\/pages\/154\/revisions\/593"}],"up":[{"embeddable":true,"href":"https:\/\/surfink.shapersclub.com\/en\/wp-json\/wp\/v2\/pages\/125"}],"wp:featuredmedia":[{"embeddable":true,"href":"https:\/\/surfink.shapersclub.com\/en\/wp-json\/wp\/v2\/media\/589"}],"wp:attachment":[{"href":"https:\/\/surfink.shapersclub.com\/en\/wp-json\/wp\/v2\/media?parent=154"}],"curies":[{"name":"wp","href":"https:\/\/api.w.org\/{rel}","templated":true}]}}