{"id":155,"date":"2025-03-07T11:30:13","date_gmt":"2025-03-07T10:30:13","guid":{"rendered":"https:\/\/surfink.shapersclub.com\/?page_id=155"},"modified":"2025-03-21T11:47:18","modified_gmt":"2025-03-21T10:47:18","slug":"psycheart","status":"publish","type":"page","link":"https:\/\/surfink.shapersclub.com\/en\/exhibitors\/psycheart\/","title":{"rendered":"PSYCHEART"},"content":{"rendered":"","protected":false},"excerpt":{"rendered":"","protected":false},"author":1,"featured_media":615,"parent":125,"menu_order":2,"comment_status":"closed","ping_status":"closed","template":"","meta":{"_seopress_robots_primary_cat":"","_seopress_titles_title":"PSYCHEART @ Surf'Ink 2025 \u2013 Tableaux r\u00e9tro & d\u00e9co graphique sur bois au Shapers Club House, Marennes","_seopress_titles_desc":"PSYCHEART pr\u00e9sente ses \u0153uvres r\u00e9tro sur bois au Surf'Ink les 12 & 13 avril 2025 \u00e0 Marennes. D\u00e9coration murale old school, collages, visuels pop et ambiance rock vintage.","_seopress_robots_index":"","footnotes":""},"class_list":["post-155","page","type-page","status-publish","has-post-thumbnail","hentry"],"_links":{"self":[{"href":"https:\/\/surfink.shapersclub.com\/en\/wp-json\/wp\/v2\/pages\/155","targetHints":{"allow":["GET"]}}],"collection":[{"href":"https:\/\/surfink.shapersclub.com\/en\/wp-json\/wp\/v2\/pages"}],"about":[{"href":"https:\/\/surfink.shapersclub.com\/en\/wp-json\/wp\/v2\/types\/page"}],"author":[{"embeddable":true,"href":"https:\/\/surfink.shapersclub.com\/en\/wp-json\/wp\/v2\/users\/1"}],"replies":[{"embeddable":true,"href":"https:\/\/surfink.shapersclub.com\/en\/wp-json\/wp\/v2\/comments?post=155"}],"version-history":[{"count":2,"href":"https:\/\/surfink.shapersclub.com\/en\/wp-json\/wp\/v2\/pages\/155\/revisions"}],"predecessor-version":[{"id":620,"href":"https:\/\/surfink.shapersclub.com\/en\/wp-json\/wp\/v2\/pages\/155\/revisions\/620"}],"up":[{"embeddable":true,"href":"https:\/\/surfink.shapersclub.com\/en\/wp-json\/wp\/v2\/pages\/125"}],"wp:featuredmedia":[{"embeddable":true,"href":"https:\/\/surfink.shapersclub.com\/en\/wp-json\/wp\/v2\/media\/615"}],"wp:attachment":[{"href":"https:\/\/surfink.shapersclub.com\/en\/wp-json\/wp\/v2\/media?parent=155"}],"curies":[{"name":"wp","href":"https:\/\/api.w.org\/{rel}","templated":true}]}}