{"id":177,"date":"2025-03-07T11:32:06","date_gmt":"2025-03-07T10:32:06","guid":{"rendered":"https:\/\/surfink.shapersclub.com\/?page_id=177"},"modified":"2025-03-21T12:18:48","modified_gmt":"2025-03-21T11:18:48","slug":"music","status":"publish","type":"page","link":"https:\/\/surfink.shapersclub.com\/en\/music\/","title":{"rendered":"MUSIC"},"content":{"rendered":"","protected":false},"excerpt":{"rendered":"","protected":false},"author":1,"featured_media":0,"parent":0,"menu_order":4,"comment_status":"closed","ping_status":"closed","template":"","meta":{"_seopress_robots_primary_cat":"","_seopress_titles_title":"Musique @ Surf'Ink 2025 \u2013 Concerts & DJ sets au Shapers Club House de Marennes","_seopress_titles_desc":"La musique prend le contr\u00f4le du Surf'Ink les 12 & 13 avril 2025 \u00e0 Marennes. Groupes live, DJ sets et ambiance \u00e9lectro-rock. Viens vibrer au Shapers Club House !","_seopress_robots_index":"","footnotes":""},"class_list":["post-177","page","type-page","status-publish","hentry"],"_links":{"self":[{"href":"https:\/\/surfink.shapersclub.com\/en\/wp-json\/wp\/v2\/pages\/177","targetHints":{"allow":["GET"]}}],"collection":[{"href":"https:\/\/surfink.shapersclub.com\/en\/wp-json\/wp\/v2\/pages"}],"about":[{"href":"https:\/\/surfink.shapersclub.com\/en\/wp-json\/wp\/v2\/types\/page"}],"author":[{"embeddable":true,"href":"https:\/\/surfink.shapersclub.com\/en\/wp-json\/wp\/v2\/users\/1"}],"replies":[{"embeddable":true,"href":"https:\/\/surfink.shapersclub.com\/en\/wp-json\/wp\/v2\/comments?post=177"}],"version-history":[{"count":3,"href":"https:\/\/surfink.shapersclub.com\/en\/wp-json\/wp\/v2\/pages\/177\/revisions"}],"predecessor-version":[{"id":632,"href":"https:\/\/surfink.shapersclub.com\/en\/wp-json\/wp\/v2\/pages\/177\/revisions\/632"}],"wp:attachment":[{"href":"https:\/\/surfink.shapersclub.com\/en\/wp-json\/wp\/v2\/media?parent=177"}],"curies":[{"name":"wp","href":"https:\/\/api.w.org\/{rel}","templated":true}]}}