{"id":180,"date":"2025-03-07T11:33:46","date_gmt":"2025-03-07T10:33:46","guid":{"rendered":"https:\/\/surfink.shapersclub.com\/?page_id=180"},"modified":"2025-03-21T13:26:43","modified_gmt":"2025-03-21T12:26:43","slug":"foodtrucks","status":"publish","type":"page","link":"https:\/\/surfink.shapersclub.com\/en\/foodtrucks\/","title":{"rendered":"FOODTRUCKS"},"content":{"rendered":"","protected":false},"excerpt":{"rendered":"","protected":false},"author":1,"featured_media":0,"parent":0,"menu_order":5,"comment_status":"closed","ping_status":"closed","template":"","meta":{"_seopress_robots_primary_cat":"","_seopress_titles_title":"Foodtrucks @ Surf'Ink 2025 \u2013 Street food & saveurs locales \u00e0 Marennes","_seopress_titles_desc":"Pendant le Surf'Ink 2025, r\u00e9galez-vous avec une s\u00e9lection de foodtrucks au Shapers Club House : cuisine vegan, cr\u00e9ole, burgers, plats maison et plus encore !","_seopress_robots_index":"","footnotes":""},"class_list":["post-180","page","type-page","status-publish","hentry"],"_links":{"self":[{"href":"https:\/\/surfink.shapersclub.com\/en\/wp-json\/wp\/v2\/pages\/180","targetHints":{"allow":["GET"]}}],"collection":[{"href":"https:\/\/surfink.shapersclub.com\/en\/wp-json\/wp\/v2\/pages"}],"about":[{"href":"https:\/\/surfink.shapersclub.com\/en\/wp-json\/wp\/v2\/types\/page"}],"author":[{"embeddable":true,"href":"https:\/\/surfink.shapersclub.com\/en\/wp-json\/wp\/v2\/users\/1"}],"replies":[{"embeddable":true,"href":"https:\/\/surfink.shapersclub.com\/en\/wp-json\/wp\/v2\/comments?post=180"}],"version-history":[{"count":2,"href":"https:\/\/surfink.shapersclub.com\/en\/wp-json\/wp\/v2\/pages\/180\/revisions"}],"predecessor-version":[{"id":668,"href":"https:\/\/surfink.shapersclub.com\/en\/wp-json\/wp\/v2\/pages\/180\/revisions\/668"}],"wp:attachment":[{"href":"https:\/\/surfink.shapersclub.com\/en\/wp-json\/wp\/v2\/media?parent=180"}],"curies":[{"name":"wp","href":"https:\/\/api.w.org\/{rel}","templated":true}]}}