{"id":205,"date":"2025-03-07T11:35:05","date_gmt":"2025-03-07T10:35:05","guid":{"rendered":"https:\/\/surfink.shapersclub.com\/?page_id=205"},"modified":"2025-03-21T13:30:09","modified_gmt":"2025-03-21T12:30:09","slug":"at-kev","status":"publish","type":"page","link":"https:\/\/surfink.shapersclub.com\/en\/foodtrucks\/at-kev\/","title":{"rendered":"CHEZ KEV"},"content":{"rendered":"","protected":false},"excerpt":{"rendered":"","protected":false},"author":1,"featured_media":0,"parent":180,"menu_order":4,"comment_status":"closed","ping_status":"closed","template":"","meta":{"_seopress_robots_primary_cat":"","_seopress_titles_title":"Chez Kev @ Surf'Ink 2025 \u2013 Poulet frit & street food g\u00e9n\u00e9reuse \u00e0 Marennes","_seopress_titles_desc":"Le foodtruck Chez Kev sera pr\u00e9sent au Surf'Ink les 12 & 13 avril 2025. Poulet frit, corndogs, frites maison & plus. Street food r\u00e9confortante \u00e0 d\u00e9couvrir au Shapers Club House !","_seopress_robots_index":"","footnotes":""},"class_list":["post-205","page","type-page","status-publish","hentry"],"_links":{"self":[{"href":"https:\/\/surfink.shapersclub.com\/en\/wp-json\/wp\/v2\/pages\/205","targetHints":{"allow":["GET"]}}],"collection":[{"href":"https:\/\/surfink.shapersclub.com\/en\/wp-json\/wp\/v2\/pages"}],"about":[{"href":"https:\/\/surfink.shapersclub.com\/en\/wp-json\/wp\/v2\/types\/page"}],"author":[{"embeddable":true,"href":"https:\/\/surfink.shapersclub.com\/en\/wp-json\/wp\/v2\/users\/1"}],"replies":[{"embeddable":true,"href":"https:\/\/surfink.shapersclub.com\/en\/wp-json\/wp\/v2\/comments?post=205"}],"version-history":[{"count":2,"href":"https:\/\/surfink.shapersclub.com\/en\/wp-json\/wp\/v2\/pages\/205\/revisions"}],"predecessor-version":[{"id":673,"href":"https:\/\/surfink.shapersclub.com\/en\/wp-json\/wp\/v2\/pages\/205\/revisions\/673"}],"up":[{"embeddable":true,"href":"https:\/\/surfink.shapersclub.com\/en\/wp-json\/wp\/v2\/pages\/180"}],"wp:attachment":[{"href":"https:\/\/surfink.shapersclub.com\/en\/wp-json\/wp\/v2\/media?parent=205"}],"curies":[{"name":"wp","href":"https:\/\/api.w.org\/{rel}","templated":true}]}}