{"id":210,"date":"2025-03-07T11:35:43","date_gmt":"2025-03-07T10:35:43","guid":{"rendered":"https:\/\/surfink.shapersclub.com\/?page_id=210"},"modified":"2025-03-21T13:35:23","modified_gmt":"2025-03-21T12:35:23","slug":"o-ti-kreol","status":"publish","type":"page","link":"https:\/\/surfink.shapersclub.com\/en\/foodtrucks\/o-ti-kreol\/","title":{"rendered":"O TI KREOL"},"content":{"rendered":"","protected":false},"excerpt":{"rendered":"","protected":false},"author":1,"featured_media":0,"parent":180,"menu_order":4,"comment_status":"closed","ping_status":"closed","template":"","meta":{"_seopress_robots_primary_cat":"","_seopress_titles_title":"O\u2019ti Kr\u00e9ol @ Surf'Ink 2025 \u2013 Cuisine cr\u00e9ole & r\u00e9unionnaise \u00e0 Marennes","_seopress_titles_desc":"O\u2019ti Kr\u00e9ol sera au Surf'Ink les 12 & 13 avril 2025. Rougail, colombo, accras, flan coco\u2026 Un foodtruck cr\u00e9ole \u00e0 d\u00e9couvrir au Shapers Club House !","_seopress_robots_index":"","footnotes":""},"class_list":["post-210","page","type-page","status-publish","hentry"],"_links":{"self":[{"href":"https:\/\/surfink.shapersclub.com\/en\/wp-json\/wp\/v2\/pages\/210","targetHints":{"allow":["GET"]}}],"collection":[{"href":"https:\/\/surfink.shapersclub.com\/en\/wp-json\/wp\/v2\/pages"}],"about":[{"href":"https:\/\/surfink.shapersclub.com\/en\/wp-json\/wp\/v2\/types\/page"}],"author":[{"embeddable":true,"href":"https:\/\/surfink.shapersclub.com\/en\/wp-json\/wp\/v2\/users\/1"}],"replies":[{"embeddable":true,"href":"https:\/\/surfink.shapersclub.com\/en\/wp-json\/wp\/v2\/comments?post=210"}],"version-history":[{"count":2,"href":"https:\/\/surfink.shapersclub.com\/en\/wp-json\/wp\/v2\/pages\/210\/revisions"}],"predecessor-version":[{"id":681,"href":"https:\/\/surfink.shapersclub.com\/en\/wp-json\/wp\/v2\/pages\/210\/revisions\/681"}],"up":[{"embeddable":true,"href":"https:\/\/surfink.shapersclub.com\/en\/wp-json\/wp\/v2\/pages\/180"}],"wp:attachment":[{"href":"https:\/\/surfink.shapersclub.com\/en\/wp-json\/wp\/v2\/media?parent=210"}],"curies":[{"name":"wp","href":"https:\/\/api.w.org\/{rel}","templated":true}]}}