{"id":222,"date":"2025-03-07T11:49:52","date_gmt":"2025-03-07T10:49:52","guid":{"rendered":"https:\/\/surfink.shapersclub.com\/?page_id=222"},"modified":"2025-03-11T22:06:29","modified_gmt":"2025-03-11T21:06:29","slug":"contact","status":"publish","type":"page","link":"https:\/\/surfink.shapersclub.com\/en\/contact\/","title":{"rendered":"CONTACT"},"content":{"rendered":"","protected":false},"excerpt":{"rendered":"","protected":false},"author":1,"featured_media":0,"parent":0,"menu_order":7,"comment_status":"closed","ping_status":"closed","template":"","meta":{"_seopress_robots_primary_cat":"","_seopress_titles_title":"Contactez l'\u00c9quipe du Festival Surf'Ink 2025","_seopress_titles_desc":"Vous avez des questions sur le Festival Surf'Ink 2025 ? Contactez-nous d\u00e8s maintenant pour obtenir des informations sur l'\u00e9v\u00e9nement, les artistes pr\u00e9sents ou toute autre demande.","_seopress_robots_index":"","footnotes":""},"class_list":["post-222","page","type-page","status-publish","hentry"],"_links":{"self":[{"href":"https:\/\/surfink.shapersclub.com\/en\/wp-json\/wp\/v2\/pages\/222","targetHints":{"allow":["GET"]}}],"collection":[{"href":"https:\/\/surfink.shapersclub.com\/en\/wp-json\/wp\/v2\/pages"}],"about":[{"href":"https:\/\/surfink.shapersclub.com\/en\/wp-json\/wp\/v2\/types\/page"}],"author":[{"embeddable":true,"href":"https:\/\/surfink.shapersclub.com\/en\/wp-json\/wp\/v2\/users\/1"}],"replies":[{"embeddable":true,"href":"https:\/\/surfink.shapersclub.com\/en\/wp-json\/wp\/v2\/comments?post=222"}],"version-history":[{"count":1,"href":"https:\/\/surfink.shapersclub.com\/en\/wp-json\/wp\/v2\/pages\/222\/revisions"}],"predecessor-version":[{"id":225,"href":"https:\/\/surfink.shapersclub.com\/en\/wp-json\/wp\/v2\/pages\/222\/revisions\/225"}],"wp:attachment":[{"href":"https:\/\/surfink.shapersclub.com\/en\/wp-json\/wp\/v2\/media?parent=222"}],"curies":[{"name":"wp","href":"https:\/\/api.w.org\/{rel}","templated":true}]}}