{"id":231,"date":"2025-03-07T11:54:25","date_gmt":"2025-03-07T10:54:25","guid":{"rendered":"https:\/\/surfink.shapersclub.com\/?page_id=231"},"modified":"2025-03-20T16:41:49","modified_gmt":"2025-03-20T15:41:49","slug":"piercing","status":"publish","type":"page","link":"https:\/\/surfink.shapersclub.com\/en\/piercing\/","title":{"rendered":"PIERCING"},"content":{"rendered":"","protected":false},"excerpt":{"rendered":"","protected":false},"author":1,"featured_media":0,"parent":0,"menu_order":2,"comment_status":"closed","ping_status":"closed","template":"","meta":{"_seopress_robots_primary_cat":"","_seopress_titles_title":"\ud83d\udd25 Piercing @ Surf'Ink 2025 \u2013 Se faire percer au Shapers Club House, Marennes !","_seopress_titles_desc":"Viens te faire percer au Surf'Ink les 12 & 13 avril 2025 au Shapers Club House de Marennes ! Des perceurs professionnels, des bijoux de qualit\u00e9 et une hygi\u00e8ne irr\u00e9prochable. R\u00e9serve d\u00e8s maintenant ton cr\u00e9neau.","_seopress_robots_index":"","footnotes":""},"class_list":["post-231","page","type-page","status-publish","hentry"],"_links":{"self":[{"href":"https:\/\/surfink.shapersclub.com\/en\/wp-json\/wp\/v2\/pages\/231","targetHints":{"allow":["GET"]}}],"collection":[{"href":"https:\/\/surfink.shapersclub.com\/en\/wp-json\/wp\/v2\/pages"}],"about":[{"href":"https:\/\/surfink.shapersclub.com\/en\/wp-json\/wp\/v2\/types\/page"}],"author":[{"embeddable":true,"href":"https:\/\/surfink.shapersclub.com\/en\/wp-json\/wp\/v2\/users\/1"}],"replies":[{"embeddable":true,"href":"https:\/\/surfink.shapersclub.com\/en\/wp-json\/wp\/v2\/comments?post=231"}],"version-history":[{"count":2,"href":"https:\/\/surfink.shapersclub.com\/en\/wp-json\/wp\/v2\/pages\/231\/revisions"}],"predecessor-version":[{"id":538,"href":"https:\/\/surfink.shapersclub.com\/en\/wp-json\/wp\/v2\/pages\/231\/revisions\/538"}],"wp:attachment":[{"href":"https:\/\/surfink.shapersclub.com\/en\/wp-json\/wp\/v2\/media?parent=231"}],"curies":[{"name":"wp","href":"https:\/\/api.w.org\/{rel}","templated":true}]}}