{"id":236,"date":"2025-03-07T11:54:50","date_gmt":"2025-03-07T10:54:50","guid":{"rendered":"https:\/\/surfink.shapersclub.com\/?page_id=236"},"modified":"2025-03-10T21:57:55","modified_gmt":"2025-03-10T20:57:55","slug":"alouka-piercing","status":"publish","type":"page","link":"https:\/\/surfink.shapersclub.com\/en\/piercing\/alouka-piercing\/","title":{"rendered":"ALOUKA PIERCING"},"content":{"rendered":"","protected":false},"excerpt":{"rendered":"","protected":false},"author":1,"featured_media":0,"parent":231,"menu_order":2,"comment_status":"closed","ping_status":"closed","template":"","meta":{"_seopress_robots_primary_cat":"","_seopress_titles_title":"\ud83d\udd25 Alouka Piercing @ Surf'Ink 2025 \u2013 Piercings exclusifs au Shapers Club House de Marennes !","_seopress_titles_desc":"Viens d\u00e9couvrir Alouka Piercing au Surf'Ink les 12 & 13 avril 2025 au Shapers Club House de Marennes ! Cr\u00e9neaux ultra limit\u00e9s \u2013 r\u00e9serve ton piercing d\u00e8s maintenant via Instagram (@alouka_).","_seopress_robots_index":"","footnotes":""},"class_list":["post-236","page","type-page","status-publish","hentry"],"_links":{"self":[{"href":"https:\/\/surfink.shapersclub.com\/en\/wp-json\/wp\/v2\/pages\/236","targetHints":{"allow":["GET"]}}],"collection":[{"href":"https:\/\/surfink.shapersclub.com\/en\/wp-json\/wp\/v2\/pages"}],"about":[{"href":"https:\/\/surfink.shapersclub.com\/en\/wp-json\/wp\/v2\/types\/page"}],"author":[{"embeddable":true,"href":"https:\/\/surfink.shapersclub.com\/en\/wp-json\/wp\/v2\/users\/1"}],"replies":[{"embeddable":true,"href":"https:\/\/surfink.shapersclub.com\/en\/wp-json\/wp\/v2\/comments?post=236"}],"version-history":[{"count":3,"href":"https:\/\/surfink.shapersclub.com\/en\/wp-json\/wp\/v2\/pages\/236\/revisions"}],"predecessor-version":[{"id":349,"href":"https:\/\/surfink.shapersclub.com\/en\/wp-json\/wp\/v2\/pages\/236\/revisions\/349"}],"up":[{"embeddable":true,"href":"https:\/\/surfink.shapersclub.com\/en\/wp-json\/wp\/v2\/pages\/231"}],"wp:attachment":[{"href":"https:\/\/surfink.shapersclub.com\/en\/wp-json\/wp\/v2\/media?parent=236"}],"curies":[{"name":"wp","href":"https:\/\/api.w.org\/{rel}","templated":true}]}}