{"id":31,"date":"2025-03-07T11:21:27","date_gmt":"2025-03-07T10:21:27","guid":{"rendered":"https:\/\/surfink.shapersclub.com\/?page_id=31"},"modified":"2025-03-11T22:07:38","modified_gmt":"2025-03-11T21:07:38","slug":"tattoo","status":"publish","type":"page","link":"https:\/\/surfink.shapersclub.com\/en\/tattoo\/","title":{"rendered":"TATTOO"},"content":{"rendered":"","protected":false},"excerpt":{"rendered":"","protected":false},"author":1,"featured_media":0,"parent":0,"menu_order":1,"comment_status":"closed","ping_status":"closed","template":"","meta":{"_seopress_robots_primary_cat":"","_seopress_titles_title":"Artistes Tatoueurs au Festival Surf'Ink 2025","_seopress_titles_desc":"D\u00e9couvrez les artistes tatoueurs pr\u00e9sents au Festival Surf'Ink 2025 \u00e0 Marennes Explorez leurs portfolios et r\u00e9servez votre s\u00e9ance de tatouage lors de l'\u00e9v\u00e9nement les 12 et 13 avril 2025.","_seopress_robots_index":"","footnotes":""},"class_list":["post-31","page","type-page","status-publish","hentry"],"_links":{"self":[{"href":"https:\/\/surfink.shapersclub.com\/en\/wp-json\/wp\/v2\/pages\/31","targetHints":{"allow":["GET"]}}],"collection":[{"href":"https:\/\/surfink.shapersclub.com\/en\/wp-json\/wp\/v2\/pages"}],"about":[{"href":"https:\/\/surfink.shapersclub.com\/en\/wp-json\/wp\/v2\/types\/page"}],"author":[{"embeddable":true,"href":"https:\/\/surfink.shapersclub.com\/en\/wp-json\/wp\/v2\/users\/1"}],"replies":[{"embeddable":true,"href":"https:\/\/surfink.shapersclub.com\/en\/wp-json\/wp\/v2\/comments?post=31"}],"version-history":[{"count":1,"href":"https:\/\/surfink.shapersclub.com\/en\/wp-json\/wp\/v2\/pages\/31\/revisions"}],"predecessor-version":[{"id":35,"href":"https:\/\/surfink.shapersclub.com\/en\/wp-json\/wp\/v2\/pages\/31\/revisions\/35"}],"wp:attachment":[{"href":"https:\/\/surfink.shapersclub.com\/en\/wp-json\/wp\/v2\/media?parent=31"}],"curies":[{"name":"wp","href":"https:\/\/api.w.org\/{rel}","templated":true}]}}