{"id":47,"date":"2025-03-07T11:24:20","date_gmt":"2025-03-07T10:24:20","guid":{"rendered":"https:\/\/surfink.shapersclub.com\/?page_id=47"},"modified":"2025-03-11T21:50:41","modified_gmt":"2025-03-11T20:50:41","slug":"davidbobine","status":"publish","type":"page","link":"https:\/\/surfink.shapersclub.com\/en\/tattoo\/davidbobine\/","title":{"rendered":"DAVID BOBINE"},"content":{"rendered":"","protected":false},"excerpt":{"rendered":"","protected":false},"author":1,"featured_media":0,"parent":31,"menu_order":1,"comment_status":"closed","ping_status":"closed","template":"","meta":{"_seopress_robots_primary_cat":"","_seopress_titles_title":"\ud83d\udd25 David Bobine @ Surf'Ink 2025 \u2013 Tatouages old school et traditionnels au Shapers Club House, Marennes !","_seopress_titles_desc":"D\u00e9couvre David Bobine au Surf'Ink les 12 & 13 avril 2025 au Shapers Club House de Marennes ! Sp\u00e9cialiste du tatouage old school et traditionnel. Places limit\u00e9es \u2013 r\u00e9serve d\u00e8s maintenant via Instagram (@david.bobine).","_seopress_robots_index":"","footnotes":""},"class_list":["post-47","page","type-page","status-publish","hentry"],"_links":{"self":[{"href":"https:\/\/surfink.shapersclub.com\/en\/wp-json\/wp\/v2\/pages\/47","targetHints":{"allow":["GET"]}}],"collection":[{"href":"https:\/\/surfink.shapersclub.com\/en\/wp-json\/wp\/v2\/pages"}],"about":[{"href":"https:\/\/surfink.shapersclub.com\/en\/wp-json\/wp\/v2\/types\/page"}],"author":[{"embeddable":true,"href":"https:\/\/surfink.shapersclub.com\/en\/wp-json\/wp\/v2\/users\/1"}],"replies":[{"embeddable":true,"href":"https:\/\/surfink.shapersclub.com\/en\/wp-json\/wp\/v2\/comments?post=47"}],"version-history":[{"count":3,"href":"https:\/\/surfink.shapersclub.com\/en\/wp-json\/wp\/v2\/pages\/47\/revisions"}],"predecessor-version":[{"id":374,"href":"https:\/\/surfink.shapersclub.com\/en\/wp-json\/wp\/v2\/pages\/47\/revisions\/374"}],"up":[{"embeddable":true,"href":"https:\/\/surfink.shapersclub.com\/en\/wp-json\/wp\/v2\/pages\/31"}],"wp:attachment":[{"href":"https:\/\/surfink.shapersclub.com\/en\/wp-json\/wp\/v2\/media?parent=47"}],"curies":[{"name":"wp","href":"https:\/\/api.w.org\/{rel}","templated":true}]}}