{"id":48,"date":"2025-03-07T11:24:47","date_gmt":"2025-03-07T10:24:47","guid":{"rendered":"https:\/\/surfink.shapersclub.com\/?page_id=48"},"modified":"2025-03-11T21:59:50","modified_gmt":"2025-03-11T20:59:50","slug":"marine-dpi","status":"publish","type":"page","link":"https:\/\/surfink.shapersclub.com\/en\/tattoo\/marine-dpi\/","title":{"rendered":"MARIN DPI"},"content":{"rendered":"","protected":false},"excerpt":{"rendered":"","protected":false},"author":1,"featured_media":0,"parent":31,"menu_order":1,"comment_status":"closed","ping_status":"closed","template":"","meta":{"_seopress_robots_primary_cat":"","_seopress_titles_title":"\ud83d\udd25 Marin DPI @ Surf'Ink 2025 \u2013 Tatouages blackwork, floraux & cartoon au Shapers Club House, Marennes !","_seopress_titles_desc":"Viens d\u00e9couvrir Marin DPI au Surf'Ink les 12 & 13 avril 2025 au Shapers Club House de Marennes ! Sp\u00e9cialiste du blackwork, floral et cartoon. Places limit\u00e9es \u2013 r\u00e9serve d\u00e8s maintenant via Instagram (@marindpi).","_seopress_robots_index":"","footnotes":""},"class_list":["post-48","page","type-page","status-publish","hentry"],"_links":{"self":[{"href":"https:\/\/surfink.shapersclub.com\/en\/wp-json\/wp\/v2\/pages\/48","targetHints":{"allow":["GET"]}}],"collection":[{"href":"https:\/\/surfink.shapersclub.com\/en\/wp-json\/wp\/v2\/pages"}],"about":[{"href":"https:\/\/surfink.shapersclub.com\/en\/wp-json\/wp\/v2\/types\/page"}],"author":[{"embeddable":true,"href":"https:\/\/surfink.shapersclub.com\/en\/wp-json\/wp\/v2\/users\/1"}],"replies":[{"embeddable":true,"href":"https:\/\/surfink.shapersclub.com\/en\/wp-json\/wp\/v2\/comments?post=48"}],"version-history":[{"count":2,"href":"https:\/\/surfink.shapersclub.com\/en\/wp-json\/wp\/v2\/pages\/48\/revisions"}],"predecessor-version":[{"id":384,"href":"https:\/\/surfink.shapersclub.com\/en\/wp-json\/wp\/v2\/pages\/48\/revisions\/384"}],"up":[{"embeddable":true,"href":"https:\/\/surfink.shapersclub.com\/en\/wp-json\/wp\/v2\/pages\/31"}],"wp:attachment":[{"href":"https:\/\/surfink.shapersclub.com\/en\/wp-json\/wp\/v2\/media?parent=48"}],"curies":[{"name":"wp","href":"https:\/\/api.w.org\/{rel}","templated":true}]}}