{"id":51,"date":"2025-03-07T11:25:04","date_gmt":"2025-03-07T10:25:04","guid":{"rendered":"https:\/\/surfink.shapersclub.com\/?page_id=51"},"modified":"2025-03-20T14:32:38","modified_gmt":"2025-03-20T13:32:38","slug":"matt-spunk","status":"publish","type":"page","link":"https:\/\/surfink.shapersclub.com\/en\/tattoo\/matt-spunk\/","title":{"rendered":"MATT SPUNK"},"content":{"rendered":"","protected":false},"excerpt":{"rendered":"","protected":false},"author":1,"featured_media":0,"parent":31,"menu_order":1,"comment_status":"closed","ping_status":"closed","template":"","meta":{"_seopress_robots_primary_cat":"","_seopress_titles_title":"\ud83d\udd25 Matt Spunk @ Surf'Ink 2025 \u2013 Tatouages New School, Japonais, Old School & Cartoon au Shapers Club House, Marennes !","_seopress_titles_desc":"Viens d\u00e9couvrir Matt Spunk au Surf'Ink les 12 & 13 avril 2025 au Shapers Club House de Marennes ! Sp\u00e9cialiste du New School, Japonais, Old School & Cartoon. Places limit\u00e9es \u2013 r\u00e9serve d\u00e8s maintenant via Instagram (@mat_spunk_tattoo).","_seopress_robots_index":"","footnotes":""},"class_list":["post-51","page","type-page","status-publish","hentry"],"_links":{"self":[{"href":"https:\/\/surfink.shapersclub.com\/en\/wp-json\/wp\/v2\/pages\/51","targetHints":{"allow":["GET"]}}],"collection":[{"href":"https:\/\/surfink.shapersclub.com\/en\/wp-json\/wp\/v2\/pages"}],"about":[{"href":"https:\/\/surfink.shapersclub.com\/en\/wp-json\/wp\/v2\/types\/page"}],"author":[{"embeddable":true,"href":"https:\/\/surfink.shapersclub.com\/en\/wp-json\/wp\/v2\/users\/1"}],"replies":[{"embeddable":true,"href":"https:\/\/surfink.shapersclub.com\/en\/wp-json\/wp\/v2\/comments?post=51"}],"version-history":[{"count":2,"href":"https:\/\/surfink.shapersclub.com\/en\/wp-json\/wp\/v2\/pages\/51\/revisions"}],"predecessor-version":[{"id":398,"href":"https:\/\/surfink.shapersclub.com\/en\/wp-json\/wp\/v2\/pages\/51\/revisions\/398"}],"up":[{"embeddable":true,"href":"https:\/\/surfink.shapersclub.com\/en\/wp-json\/wp\/v2\/pages\/31"}],"wp:attachment":[{"href":"https:\/\/surfink.shapersclub.com\/en\/wp-json\/wp\/v2\/media?parent=51"}],"curies":[{"name":"wp","href":"https:\/\/api.w.org\/{rel}","templated":true}]}}