{"id":52,"date":"2025-03-07T11:25:15","date_gmt":"2025-03-07T10:25:15","guid":{"rendered":"https:\/\/surfink.shapersclub.com\/?page_id=52"},"modified":"2025-03-20T14:53:48","modified_gmt":"2025-03-20T13:53:48","slug":"naya-la-noir","status":"publish","type":"page","link":"https:\/\/surfink.shapersclub.com\/en\/tattoo\/naya-la-noir\/","title":{"rendered":"NAYA LA NOIR"},"content":{"rendered":"","protected":false},"excerpt":{"rendered":"","protected":false},"author":1,"featured_media":0,"parent":31,"menu_order":1,"comment_status":"closed","ping_status":"closed","template":"","meta":{"_seopress_robots_primary_cat":"","_seopress_titles_title":"\ud83d\udd25 Naya La Noire @ Surf'Ink 2025 \u2013 Tatouages Dotwork & Mystiques au Shapers Club House, Marennes !","_seopress_titles_desc":"Viens d\u00e9couvrir Naya La Noire au Surf'Ink les 12 & 13 avril 2025 au Shapers Club House de Marennes ! Sp\u00e9cialiste du Dotwork, \u00e9sot\u00e9risme et motifs mystiques. Places limit\u00e9es \u2013 r\u00e9serve d\u00e8s maintenant via Instagram (@naya_la_noire).","_seopress_robots_index":"","footnotes":""},"class_list":["post-52","page","type-page","status-publish","hentry"],"_links":{"self":[{"href":"https:\/\/surfink.shapersclub.com\/en\/wp-json\/wp\/v2\/pages\/52","targetHints":{"allow":["GET"]}}],"collection":[{"href":"https:\/\/surfink.shapersclub.com\/en\/wp-json\/wp\/v2\/pages"}],"about":[{"href":"https:\/\/surfink.shapersclub.com\/en\/wp-json\/wp\/v2\/types\/page"}],"author":[{"embeddable":true,"href":"https:\/\/surfink.shapersclub.com\/en\/wp-json\/wp\/v2\/users\/1"}],"replies":[{"embeddable":true,"href":"https:\/\/surfink.shapersclub.com\/en\/wp-json\/wp\/v2\/comments?post=52"}],"version-history":[{"count":2,"href":"https:\/\/surfink.shapersclub.com\/en\/wp-json\/wp\/v2\/pages\/52\/revisions"}],"predecessor-version":[{"id":425,"href":"https:\/\/surfink.shapersclub.com\/en\/wp-json\/wp\/v2\/pages\/52\/revisions\/425"}],"up":[{"embeddable":true,"href":"https:\/\/surfink.shapersclub.com\/en\/wp-json\/wp\/v2\/pages\/31"}],"wp:attachment":[{"href":"https:\/\/surfink.shapersclub.com\/en\/wp-json\/wp\/v2\/media?parent=52"}],"curies":[{"name":"wp","href":"https:\/\/api.w.org\/{rel}","templated":true}]}}