{"id":58,"date":"2025-03-07T11:26:14","date_gmt":"2025-03-07T10:26:14","guid":{"rendered":"https:\/\/surfink.shapersclub.com\/?page_id=58"},"modified":"2025-03-21T16:34:00","modified_gmt":"2025-03-21T15:34:00","slug":"slac-tattoo","status":"publish","type":"page","link":"https:\/\/surfink.shapersclub.com\/en\/tattoo\/slac-tattoo\/","title":{"rendered":"SLAC TATTOO"},"content":{"rendered":"","protected":false},"excerpt":{"rendered":"","protected":false},"author":1,"featured_media":0,"parent":31,"menu_order":1,"comment_status":"closed","ping_status":"closed","template":"","meta":{"_seopress_robots_primary_cat":"","_seopress_titles_title":"\ud83d\udd25 SLAC Tattoo @ Surf'Ink 2025 \u2013 Tatouages r\u00e9alistes et portraits au Shapers Club House, Marennes !","_seopress_titles_desc":"Viens d\u00e9couvrir SLAC Tattoo au Surf'Ink les 12 & 13 avril 2025 au Shapers Club House de Marennes ! Sp\u00e9cialiste du tatouage r\u00e9aliste et portraits en noir et gris. Places limit\u00e9es \u2013 r\u00e9serve d\u00e8s maintenant via Instagram (@slac.tattoo).","_seopress_robots_index":"","footnotes":""},"class_list":["post-58","page","type-page","status-publish","hentry"],"_links":{"self":[{"href":"https:\/\/surfink.shapersclub.com\/en\/wp-json\/wp\/v2\/pages\/58","targetHints":{"allow":["GET"]}}],"collection":[{"href":"https:\/\/surfink.shapersclub.com\/en\/wp-json\/wp\/v2\/pages"}],"about":[{"href":"https:\/\/surfink.shapersclub.com\/en\/wp-json\/wp\/v2\/types\/page"}],"author":[{"embeddable":true,"href":"https:\/\/surfink.shapersclub.com\/en\/wp-json\/wp\/v2\/users\/1"}],"replies":[{"embeddable":true,"href":"https:\/\/surfink.shapersclub.com\/en\/wp-json\/wp\/v2\/comments?post=58"}],"version-history":[{"count":2,"href":"https:\/\/surfink.shapersclub.com\/en\/wp-json\/wp\/v2\/pages\/58\/revisions"}],"predecessor-version":[{"id":468,"href":"https:\/\/surfink.shapersclub.com\/en\/wp-json\/wp\/v2\/pages\/58\/revisions\/468"}],"up":[{"embeddable":true,"href":"https:\/\/surfink.shapersclub.com\/en\/wp-json\/wp\/v2\/pages\/31"}],"wp:attachment":[{"href":"https:\/\/surfink.shapersclub.com\/en\/wp-json\/wp\/v2\/media?parent=58"}],"curies":[{"name":"wp","href":"https:\/\/api.w.org\/{rel}","templated":true}]}}