{"id":633,"date":"2025-03-21T12:19:34","date_gmt":"2025-03-21T11:19:34","guid":{"rendered":"https:\/\/surfink.shapersclub.com\/?page_id=633"},"modified":"2025-03-21T13:09:42","modified_gmt":"2025-03-21T12:09:42","slug":"odj-rockin-selecta","status":"publish","type":"page","link":"https:\/\/surfink.shapersclub.com\/en\/music\/odj-rockin-selecta\/","title":{"rendered":"ODJ Rock'in selecta"},"content":{"rendered":"","protected":false},"excerpt":{"rendered":"","protected":false},"author":1,"featured_media":658,"parent":177,"menu_order":3,"comment_status":"closed","ping_status":"closed","template":"","meta":{"_seopress_robots_primary_cat":"","_seopress_titles_title":"ODJ Rock\u2019in Selecta @ Surf'Ink 2025 \u2013 DJ set rock & indie chill \u00e0 Marennes","_seopress_titles_desc":"Le dimanche 13 avril 2025, ODJ Rock\u2019in Selecta mixe au Surf'Ink. Un set vinyle entre garage, rock ind\u00e9 et psych\u00e9 par Lee Scratch Tetaar & Dam IO. \u00c0 \u00e9couter au Shapers Club House !","_seopress_robots_index":"","footnotes":""},"class_list":["post-633","page","type-page","status-publish","has-post-thumbnail","hentry"],"_links":{"self":[{"href":"https:\/\/surfink.shapersclub.com\/en\/wp-json\/wp\/v2\/pages\/633","targetHints":{"allow":["GET"]}}],"collection":[{"href":"https:\/\/surfink.shapersclub.com\/en\/wp-json\/wp\/v2\/pages"}],"about":[{"href":"https:\/\/surfink.shapersclub.com\/en\/wp-json\/wp\/v2\/types\/page"}],"author":[{"embeddable":true,"href":"https:\/\/surfink.shapersclub.com\/en\/wp-json\/wp\/v2\/users\/1"}],"replies":[{"embeddable":true,"href":"https:\/\/surfink.shapersclub.com\/en\/wp-json\/wp\/v2\/comments?post=633"}],"version-history":[{"count":2,"href":"https:\/\/surfink.shapersclub.com\/en\/wp-json\/wp\/v2\/pages\/633\/revisions"}],"predecessor-version":[{"id":662,"href":"https:\/\/surfink.shapersclub.com\/en\/wp-json\/wp\/v2\/pages\/633\/revisions\/662"}],"up":[{"embeddable":true,"href":"https:\/\/surfink.shapersclub.com\/en\/wp-json\/wp\/v2\/pages\/177"}],"wp:featuredmedia":[{"embeddable":true,"href":"https:\/\/surfink.shapersclub.com\/en\/wp-json\/wp\/v2\/media\/658"}],"wp:attachment":[{"href":"https:\/\/surfink.shapersclub.com\/en\/wp-json\/wp\/v2\/media?parent=633"}],"curies":[{"name":"wp","href":"https:\/\/api.w.org\/{rel}","templated":true}]}}