{"id":65,"date":"2025-03-07T11:26:37","date_gmt":"2025-03-07T10:26:37","guid":{"rendered":"https:\/\/surfink.shapersclub.com\/?page_id=65"},"modified":"2025-03-20T15:58:10","modified_gmt":"2025-03-20T14:58:10","slug":"tama-tattoo-by-herbet-moorea","status":"publish","type":"page","link":"https:\/\/surfink.shapersclub.com\/en\/tattoo\/tama-tattoo-by-herbet-moorea\/","title":{"rendered":"TAMA TATTOO by Herbet MOOREA"},"content":{"rendered":"","protected":false},"excerpt":{"rendered":"","protected":false},"author":1,"featured_media":0,"parent":31,"menu_order":1,"comment_status":"closed","ping_status":"closed","template":"","meta":{"_seopress_robots_primary_cat":"","_seopress_titles_title":"\ud83d\udd25 Tama Tattoo by Herbet Moorea @ Surf'Ink 2025 \u2013 Tatouages polyn\u00e9siens & maoris au Shapers Club House, Marennes !","_seopress_titles_desc":"Viens d\u00e9couvrir Tama Tattoo by Herbet Moorea au Surf'Ink les 12 & 13 avril 2025 au Shapers Club House de Marennes ! Sp\u00e9cialiste du tatouage polyn\u00e9sien et maori. Places limit\u00e9es \u2013 r\u00e9serve d\u00e8s maintenant via Instagram (@opetatattoo).","_seopress_robots_index":"","footnotes":""},"class_list":["post-65","page","type-page","status-publish","hentry"],"_links":{"self":[{"href":"https:\/\/surfink.shapersclub.com\/en\/wp-json\/wp\/v2\/pages\/65","targetHints":{"allow":["GET"]}}],"collection":[{"href":"https:\/\/surfink.shapersclub.com\/en\/wp-json\/wp\/v2\/pages"}],"about":[{"href":"https:\/\/surfink.shapersclub.com\/en\/wp-json\/wp\/v2\/types\/page"}],"author":[{"embeddable":true,"href":"https:\/\/surfink.shapersclub.com\/en\/wp-json\/wp\/v2\/users\/1"}],"replies":[{"embeddable":true,"href":"https:\/\/surfink.shapersclub.com\/en\/wp-json\/wp\/v2\/comments?post=65"}],"version-history":[{"count":2,"href":"https:\/\/surfink.shapersclub.com\/en\/wp-json\/wp\/v2\/pages\/65\/revisions"}],"predecessor-version":[{"id":489,"href":"https:\/\/surfink.shapersclub.com\/en\/wp-json\/wp\/v2\/pages\/65\/revisions\/489"}],"up":[{"embeddable":true,"href":"https:\/\/surfink.shapersclub.com\/en\/wp-json\/wp\/v2\/pages\/31"}],"wp:attachment":[{"href":"https:\/\/surfink.shapersclub.com\/en\/wp-json\/wp\/v2\/media?parent=65"}],"curies":[{"name":"wp","href":"https:\/\/api.w.org\/{rel}","templated":true}]}}