{"id":66,"date":"2025-03-07T11:26:47","date_gmt":"2025-03-07T10:26:47","guid":{"rendered":"https:\/\/surfink.shapersclub.com\/?page_id=66"},"modified":"2025-03-20T16:04:41","modified_gmt":"2025-03-20T15:04:41","slug":"the-circus-tattoo-by-karlos","status":"publish","type":"page","link":"https:\/\/surfink.shapersclub.com\/en\/tattoo\/the-circus-tattoo-by-karlos\/","title":{"rendered":"THE CIRCUS TATTOO by KARLOS"},"content":{"rendered":"","protected":false},"excerpt":{"rendered":"","protected":false},"author":1,"featured_media":0,"parent":31,"menu_order":1,"comment_status":"closed","ping_status":"closed","template":"","meta":{"_seopress_robots_primary_cat":"","_seopress_titles_title":"\ud83d\udd25 Karlos @ Surf'Ink 2025 \u2013 Tatouages Blackwork & Fine Line au Shapers Club House, Marennes !","_seopress_titles_desc":"Viens d\u00e9couvrir Karlos au Surf'Ink les 12 & 13 avril 2025 au Shapers Club House de Marennes ! Sp\u00e9cialiste du blackwork et fine line. Places limit\u00e9es \u2013 r\u00e9serve d\u00e8s maintenant via Instagram (@the_circus_tattoo_).","_seopress_robots_index":"","footnotes":""},"class_list":["post-66","page","type-page","status-publish","hentry"],"_links":{"self":[{"href":"https:\/\/surfink.shapersclub.com\/en\/wp-json\/wp\/v2\/pages\/66","targetHints":{"allow":["GET"]}}],"collection":[{"href":"https:\/\/surfink.shapersclub.com\/en\/wp-json\/wp\/v2\/pages"}],"about":[{"href":"https:\/\/surfink.shapersclub.com\/en\/wp-json\/wp\/v2\/types\/page"}],"author":[{"embeddable":true,"href":"https:\/\/surfink.shapersclub.com\/en\/wp-json\/wp\/v2\/users\/1"}],"replies":[{"embeddable":true,"href":"https:\/\/surfink.shapersclub.com\/en\/wp-json\/wp\/v2\/comments?post=66"}],"version-history":[{"count":2,"href":"https:\/\/surfink.shapersclub.com\/en\/wp-json\/wp\/v2\/pages\/66\/revisions"}],"predecessor-version":[{"id":498,"href":"https:\/\/surfink.shapersclub.com\/en\/wp-json\/wp\/v2\/pages\/66\/revisions\/498"}],"up":[{"embeddable":true,"href":"https:\/\/surfink.shapersclub.com\/en\/wp-json\/wp\/v2\/pages\/31"}],"wp:attachment":[{"href":"https:\/\/surfink.shapersclub.com\/en\/wp-json\/wp\/v2\/media?parent=66"}],"curies":[{"name":"wp","href":"https:\/\/api.w.org\/{rel}","templated":true}]}}