{"id":722,"date":"2025-04-04T15:59:58","date_gmt":"2025-04-04T13:59:58","guid":{"rendered":"https:\/\/surfink.shapersclub.com\/?page_id=722"},"modified":"2025-04-04T17:27:13","modified_gmt":"2025-04-04T15:27:13","slug":"the-silver-haired-maiden","status":"publish","type":"page","link":"https:\/\/surfink.shapersclub.com\/en\/tattoo\/the-silver-haired-maiden\/","title":{"rendered":"THE SILVER-HAIRED MAIDEN"},"content":{"rendered":"","protected":false},"excerpt":{"rendered":"","protected":false},"author":1,"featured_media":0,"parent":31,"menu_order":1,"comment_status":"closed","ping_status":"closed","template":"","meta":{"_seopress_robots_primary_cat":"","_seopress_titles_title":"\ud83c\udf3f La Jeune Fille aux Cheveux d\u2019Argent @ Surf\u2019Ink 2025 \u2013 Tatouages botaniques et ornementaux en blackwork \u2013 Marennes","_seopress_titles_desc":"Viens d\u00e9couvrir La Jeune Fille aux Cheveux d\u2019Argent au Surf\u2019Ink les 12 & 13 avril 2025 \u00e0 Marennes ! Tatouages \u00e9l\u00e9gants en blackwork, inspiration botanique et ornementale. R\u00e9servations limit\u00e9es \u2013 contacte-la sur Instagram.\r\n\r\nSouhaites-tu une d\u00e9clinaison courte pour les r\u00e9seaux ou un visuel promo ?","_seopress_robots_index":"","footnotes":""},"class_list":["post-722","page","type-page","status-publish","hentry"],"_links":{"self":[{"href":"https:\/\/surfink.shapersclub.com\/en\/wp-json\/wp\/v2\/pages\/722","targetHints":{"allow":["GET"]}}],"collection":[{"href":"https:\/\/surfink.shapersclub.com\/en\/wp-json\/wp\/v2\/pages"}],"about":[{"href":"https:\/\/surfink.shapersclub.com\/en\/wp-json\/wp\/v2\/types\/page"}],"author":[{"embeddable":true,"href":"https:\/\/surfink.shapersclub.com\/en\/wp-json\/wp\/v2\/users\/1"}],"replies":[{"embeddable":true,"href":"https:\/\/surfink.shapersclub.com\/en\/wp-json\/wp\/v2\/comments?post=722"}],"version-history":[{"count":3,"href":"https:\/\/surfink.shapersclub.com\/en\/wp-json\/wp\/v2\/pages\/722\/revisions"}],"predecessor-version":[{"id":758,"href":"https:\/\/surfink.shapersclub.com\/en\/wp-json\/wp\/v2\/pages\/722\/revisions\/758"}],"up":[{"embeddable":true,"href":"https:\/\/surfink.shapersclub.com\/en\/wp-json\/wp\/v2\/pages\/31"}],"wp:attachment":[{"href":"https:\/\/surfink.shapersclub.com\/en\/wp-json\/wp\/v2\/media?parent=722"}],"curies":[{"name":"wp","href":"https:\/\/api.w.org\/{rel}","templated":true}]}}