{"id":2,"date":"2025-01-28T15:16:31","date_gmt":"2025-01-28T14:16:31","guid":{"rendered":"https:\/\/surfink.shapersclub.com\/?page_id=2"},"modified":"2025-03-26T20:41:38","modified_gmt":"2025-03-26T19:41:38","slug":"page-d-exemple","status":"publish","type":"page","link":"https:\/\/surfink.shapersclub.com\/es\/","title":{"rendered":"INICIO SURF'INK TATTOO"},"content":{"rendered":"","protected":false},"excerpt":{"rendered":"","protected":false},"author":1,"featured_media":707,"parent":0,"menu_order":0,"comment_status":"closed","ping_status":"closed","template":"","meta":{"_seopress_robots_primary_cat":"","_seopress_titles_title":"Festival Surf'Ink 2025 : C\u00e9l\u00e9bration du Surf et du Tatouage \u00e0 La Rochelle - Marennes","_seopress_titles_desc":"Rejoignez-nous les 12 et 13 avril 2025 \u00e0 Marennes pour le Festival Surf'Ink, une fusion unique de surf, de tatouage, de musique live et d'art. D\u00e9couvrez des artistes tatoueurs renomm\u00e9s, des concerts en plein air et bien plus encore.","_seopress_robots_index":"","footnotes":""},"class_list":["post-2","page","type-page","status-publish","has-post-thumbnail","hentry"],"_links":{"self":[{"href":"https:\/\/surfink.shapersclub.com\/es\/wp-json\/wp\/v2\/pages\/2","targetHints":{"allow":["GET"]}}],"collection":[{"href":"https:\/\/surfink.shapersclub.com\/es\/wp-json\/wp\/v2\/pages"}],"about":[{"href":"https:\/\/surfink.shapersclub.com\/es\/wp-json\/wp\/v2\/types\/page"}],"author":[{"embeddable":true,"href":"https:\/\/surfink.shapersclub.com\/es\/wp-json\/wp\/v2\/users\/1"}],"replies":[{"embeddable":true,"href":"https:\/\/surfink.shapersclub.com\/es\/wp-json\/wp\/v2\/comments?post=2"}],"version-history":[{"count":1,"href":"https:\/\/surfink.shapersclub.com\/es\/wp-json\/wp\/v2\/pages\/2\/revisions"}],"predecessor-version":[{"id":13,"href":"https:\/\/surfink.shapersclub.com\/es\/wp-json\/wp\/v2\/pages\/2\/revisions\/13"}],"wp:featuredmedia":[{"embeddable":true,"href":"https:\/\/surfink.shapersclub.com\/es\/wp-json\/wp\/v2\/media\/707"}],"wp:attachment":[{"href":"https:\/\/surfink.shapersclub.com\/es\/wp-json\/wp\/v2\/media?parent=2"}],"curies":[{"name":"wp","href":"https:\/\/api.w.org\/{rel}","templated":true}]}}