{"id":46,"date":"2025-03-07T11:24:07","date_gmt":"2025-03-07T10:24:07","guid":{"rendered":"https:\/\/surfink.shapersclub.com\/?page_id=46"},"modified":"2025-03-29T22:10:42","modified_gmt":"2025-03-29T21:10:42","slug":"castor","status":"publish","type":"page","link":"https:\/\/surfink.shapersclub.com\/es\/tatuaje\/castor\/","title":{"rendered":"SYLVAIN CASTOR"},"content":{"rendered":"","protected":false},"excerpt":{"rendered":"","protected":false},"author":1,"featured_media":0,"parent":31,"menu_order":1,"comment_status":"closed","ping_status":"closed","template":"","meta":{"_seopress_robots_primary_cat":"","_seopress_titles_title":"Castor @ Surf'Ink 2025 \u2013 Tatouages Handpoke & Runes Nordiques au Shapers Club House, Marennes !","_seopress_titles_desc":"D\u00e9couvre Castor au Surf'Ink les 12 & 13 avril 2025 au Shapers Club House de Marennes ! Sp\u00e9cialiste du handpoke, des runes vikings et talismans. Places ultra limit\u00e9es \u2013 r\u00e9serve ton tatouage d\u00e8s maintenant via Instagram (@sylvain_castor).","_seopress_robots_index":"","footnotes":""},"class_list":["post-46","page","type-page","status-publish","hentry"],"_links":{"self":[{"href":"https:\/\/surfink.shapersclub.com\/es\/wp-json\/wp\/v2\/pages\/46","targetHints":{"allow":["GET"]}}],"collection":[{"href":"https:\/\/surfink.shapersclub.com\/es\/wp-json\/wp\/v2\/pages"}],"about":[{"href":"https:\/\/surfink.shapersclub.com\/es\/wp-json\/wp\/v2\/types\/page"}],"author":[{"embeddable":true,"href":"https:\/\/surfink.shapersclub.com\/es\/wp-json\/wp\/v2\/users\/1"}],"replies":[{"embeddable":true,"href":"https:\/\/surfink.shapersclub.com\/es\/wp-json\/wp\/v2\/comments?post=46"}],"version-history":[{"count":3,"href":"https:\/\/surfink.shapersclub.com\/es\/wp-json\/wp\/v2\/pages\/46\/revisions"}],"predecessor-version":[{"id":710,"href":"https:\/\/surfink.shapersclub.com\/es\/wp-json\/wp\/v2\/pages\/46\/revisions\/710"}],"up":[{"embeddable":true,"href":"https:\/\/surfink.shapersclub.com\/es\/wp-json\/wp\/v2\/pages\/31"}],"wp:attachment":[{"href":"https:\/\/surfink.shapersclub.com\/es\/wp-json\/wp\/v2\/media?parent=46"}],"curies":[{"name":"wp","href":"https:\/\/api.w.org\/{rel}","templated":true}]}}