{"id":638,"date":"2025-03-21T12:23:12","date_gmt":"2025-03-21T11:23:12","guid":{"rendered":"https:\/\/surfink.shapersclub.com\/?page_id=638"},"modified":"2025-03-21T16:55:57","modified_gmt":"2025-03-21T15:55:57","slug":"noticias","status":"publish","type":"page","link":"https:\/\/surfink.shapersclub.com\/es\/noticias\/","title":{"rendered":"NOTICIAS"},"content":{"rendered":"","protected":false},"excerpt":{"rendered":"","protected":false},"author":2,"featured_media":15,"parent":0,"menu_order":0,"comment_status":"closed","ping_status":"closed","template":"","meta":{"_seopress_robots_primary_cat":"","_seopress_titles_title":"Actualit\u00e9s Surfink | Derni\u00e8res Infos & \u00c9v\u00e9nements du Shapers Club","_seopress_titles_desc":"\ud83d\udce2 Suivez les derni\u00e8res actualit\u00e9s de Surfink : nouveaut\u00e9s, \u00e9v\u00e9nements, coulisses du Shapers Club et tendances surf. Ne manquez rien de notre univers ! \ud83c\udf0a\ud83c\udfc4","_seopress_robots_index":"","footnotes":""},"class_list":["post-638","page","type-page","status-publish","has-post-thumbnail","hentry"],"_links":{"self":[{"href":"https:\/\/surfink.shapersclub.com\/es\/wp-json\/wp\/v2\/pages\/638","targetHints":{"allow":["GET"]}}],"collection":[{"href":"https:\/\/surfink.shapersclub.com\/es\/wp-json\/wp\/v2\/pages"}],"about":[{"href":"https:\/\/surfink.shapersclub.com\/es\/wp-json\/wp\/v2\/types\/page"}],"author":[{"embeddable":true,"href":"https:\/\/surfink.shapersclub.com\/es\/wp-json\/wp\/v2\/users\/2"}],"replies":[{"embeddable":true,"href":"https:\/\/surfink.shapersclub.com\/es\/wp-json\/wp\/v2\/comments?post=638"}],"version-history":[{"count":2,"href":"https:\/\/surfink.shapersclub.com\/es\/wp-json\/wp\/v2\/pages\/638\/revisions"}],"predecessor-version":[{"id":704,"href":"https:\/\/surfink.shapersclub.com\/es\/wp-json\/wp\/v2\/pages\/638\/revisions\/704"}],"wp:featuredmedia":[{"embeddable":true,"href":"https:\/\/surfink.shapersclub.com\/es\/wp-json\/wp\/v2\/media\/15"}],"wp:attachment":[{"href":"https:\/\/surfink.shapersclub.com\/es\/wp-json\/wp\/v2\/media?parent=638"}],"curies":[{"name":"wp","href":"https:\/\/api.w.org\/{rel}","templated":true}]}}